{"id":26,"date":"2018-10-28T11:17:53","date_gmt":"2018-10-28T11:17:53","guid":{"rendered":"http:\/\/taorist.de\/?page_id=26"},"modified":"2018-10-31T19:46:57","modified_gmt":"2018-10-31T19:46:57","slug":"links","status":"publish","type":"page","link":"https:\/\/taorist.de\/en\/links\/","title":{"rendered":"Links"},"content":{"rendered":"<h3><strong>Universal Healing Tao (UHT) &#038; Qi Gong<\/strong><\/h3>\n<p><a href=\"https:\/\/www.mantakchia.com\/\" target=\"_blank\" rel=\"noopener\">Grandmaster Mantak Chia<\/a><\/p>\n<p><a href=\"http:\/\/www.qi-gong-tao.de\" target=\"_blank\" rel=\"noopener\">Qi Gong Tao Institut, Nuremberg<\/a><\/p>\n<p><a href=\"https:\/\/www.tao-garden.com\/\" target=\"_blank\" rel=\"noopener\">Tao Garden, Thailand<\/a><\/p>\n<p><a href=\"https:\/\/www.universal-tao.com\/\" target=\"_blank\" rel=\"noopener\">Universal Tao International<\/a><\/p>\n<p><a href=\"https:\/\/www.universaltaoinstructors.com\/\" target=\"_blank\" rel=\"noopener\">International Teacher Directory Universal Healing Tao<\/a><\/p>\n<p><a href=\"https:\/\/www.universal-tao-germany.de\/\" target=\"_blank\" rel=\"noopener\">Universal Tao Germany<\/a><\/p>\n<p><a href=\"http:\/\/www.tao-berlin.de\/\" target=\"_blank\" rel=\"noopener\">Tao Berlin<\/a><\/p>\n<p><a href=\"http:\/\/www.lichtschirm.com\/\" target=\"_blank\" rel=\"noopener\">Thomas Hicklin, Senior Instructor, Basel<\/a><\/p>\n<p><a href=\"http:\/\/qigong-stefan-kiczko.de\/\" target=\"_blank\" rel=\"noopener\">Stefan Kiczko, Certified Instructor, Erlangen<\/a><\/p>\n<p><a href=\"https:\/\/www.tcmklinik.de\/\" target=\"_blank\" rel=\"noopener\">TCM-Klinik Gerolzhofen<\/a><\/p>\n<p><a href=\"http:\/\/qigong-oase-erlangen.de\/\" target=\"_blank\" rel=\"noopener\">Qi Gong Oase, Erlangen<\/a><\/p>\n<p>&nbsp;<\/p>\n<h3><strong>Gehirn, Geist &#038; Bewusstsein<\/strong><\/h3>\n<p><a href=\"http:\/\/ab-wissenschaften.de\/\" target=\"_blank\" rel=\"noopener\">Angewandte Bewusstseinswissenschaften an der Uni Regensburg<\/a><\/p>\n<p><a href=\"https:\/\/www.bewusstseinswissenschaften.de\/\" target=\"_blank\" rel=\"noopener\">Stiftung Bewusstseinswissenschaften<\/a><\/p>\n<p><a href=\"https:\/\/www.walchnet.de\/\" target=\"_blank\" rel=\"noopener\">Holotropes Atmen &#038; Transpersonale Psychologie<\/a><\/p>\n<p><a href=\"https:\/\/www.geo.de\/wissen\/13364-rtkl-neurologie-wie-der-bauch-den-kopf-bestimmt\" target=\"_blank\" rel=\"noopener\">Das Bauch-Hirn<\/a><\/p>\n<p><a href=\"https:\/\/www.newslichter.de\/2013\/06\/das-gehirn-in-unserem-herzen\/\" target=\"_blank\" rel=\"noopener\">Das Herz-Hirn<\/a><\/p>\n<p><a href=\"https:\/\/www.sciencedaily.com\/releases\/2013\/12\/131208090343.htm\" target=\"_blank\" rel=\"noopener\">Meditation Changes Expression of Genes<\/a><\/p>\n<p><a href=\"https:\/\/www.techtimes.com\/articles\/10219\/20140712\/human-brain-uses-standard-code-for-entire-spectrum-of-emotions-study.htm\" target=\"_blank\" rel=\"noopener\">Coding Emotions in the Brain<\/a><\/p>\n<p><a href=\"https:\/\/io9.gizmodo.com\/long-term-couples-develop-interconnected-memory-systems-1613429103\" target=\"_blank\" rel=\"noopener\">Interconnected Memory Systems of Long Term Couples<\/a><\/p>\n<p>&nbsp;<\/p>\n<h3><strong>Medizin &#038; K\u00f6rper<\/strong><\/h3>\n<p><a href=\"http:\/\/www.scinexx.de\/wissen-aktuell-17417-2014-04-03.html\" target=\"_blank\" rel=\"noopener\">Morgenlicht macht schlank<\/a><\/p>\n<p><a href=\"https:\/\/www.oldenburk.de\/index.php?article_id=143\" target=\"_blank\" rel=\"noopener\">Z\u00e4hne &#038; Meridiane<\/a><\/p>\n<p><a href=\"http:\/\/www.richtig-essen.org\/pdf\/xylit%5B1%5D.pdf\" target=\"_blank\" rel=\"noopener\">Xylit (Birkenzucker) &#8211; Gesunde S\u00fc\u00dfe<\/a><\/p>\n<p><a href=\"https:\/\/www.telegraph.co.uk\/science\/2016\/03\/12\/fasting-for-three-days-can-regenerate-entire-immune-system-study\/\" target=\"_blank\" rel=\"noopener\">Fasting regenerates Immune System<\/a><\/p>\n<p><a href=\"https:\/\/www.rhine.org\/what-we-do\/current-research\/235-a-study-of-human-biofields-by-bill-joines-ph-d.html\" target=\"_blank\" rel=\"noopener\">Biophotons &#038; Chi<\/a><\/p>\n<p>&nbsp;<\/p>\n<h3><strong>Physik<\/strong><\/h3>\n<p><a href=\"http:\/\/www.pro-physik.de\/details\/news\/1439981\/Das_unsichtbare_kosmische_Netz.html\" target=\"_blank\" rel=\"noopener\">Das kosmische Netzwerk<\/a><\/p>\n<p><a href=\"https:\/\/astro.uni-bonn.de\/~deboer\/pdm\/pdmdmtxt.html\" target=\"_blank\" rel=\"noopener\">Dunkle Materie<\/a><\/p>\n<p>&nbsp;<\/p>\n<h3><strong>Videos<\/strong><\/h3>\n<p><a href=\"https:\/\/www.youtube.com\/user\/utcoffice\" target=\"_blank\" rel=\"noopener\">Universal Healing Tao Office &#8211; Mantak Chias Youtube-Kanal<\/a><\/p>\n<p>&nbsp;<\/p>\n<ul>\n<li><a href=\"https:\/\/www.youtube.com\/watch?v=oVEQoUynYHk\" target=\"_blank\" rel=\"noopener\">Wir erleben mehr, als wir begreifen<\/a><\/li>\n<li><a href=\"https:\/\/www.youtube.com\/watch?v=R9mUl7RBDvg\" target=\"_blank\" rel=\"noopener\">Die Physik des M\u00f6glichen<\/a><\/li>\n<li><a href=\"https:\/\/www.youtube.com\/watch?v=i4IXSGCtANA\" target=\"_blank\" rel=\"noopener\">Wissenschaftliche Erkenntnis und Welterfahrung<\/a><\/li>\n<li><a href=\"https:\/\/www.youtube.com\/watch?v=rAakoWFZpDA\" target=\"_blank\" rel=\"noopener\">Ganzheitliche Physik<\/a><\/li>\n<li><a href=\"https:\/\/www.youtube.com\/watch?v=lrgQakHPRP8\" target=\"_blank\" rel=\"noopener\">Das Geistige ist die treibende Kraft<\/a><\/li>\n<\/ul>\n<p>Prof. Hans-Peter D\u00fcrr (\u2020), Tr\u00e4ger des Alternativen Nobelpreises, ehemaliger Direktor des M\u00fcnchner Max-Planck-Insituts f\u00fcr Physik und Mitarbeiter von Werner Heisenberg erl\u00e4utert die Physik des 21. Jarhhunderts.<\/p>\n<p><a href=\"https:\/\/www.youtube.com\/watch?v=MbV4wjkYtYc\" target=\"_blank\" rel=\"noopener\">Werner Heisenberg und die Frage nach der Wirklichkeit<\/a><br \/>\nWerner Heisenberg war ein deutscher Wissenschaftler und Nobelpreistr\u00e4ger, der zu den bedeutendsten Physikern des 20. Jahrhunderts z\u00e4hlt. Er formulierte 1927 die nach ihm benannte Heisenbergsche Unsch\u00e4rferelation, die eine der fundamentalen Aussagen der Quantenmechanik trifft \u2013 n\u00e4mlich, dass bestimmte Messgr\u00f6\u00dfen eines Teilchens (etwa seinen Ort und Impuls) nicht gleichzeitig beliebig genau bestimmt werden k\u00f6nnen.<\/p>\n<p><a href=\"https:\/\/www.youtube.com\/watch?v=U_X5djwvyoU&#038;feature=player_embedded\" target=\"_blank\" rel=\"noopener\">Wer ist Ich? Entsteht ein neues Menschenbild? &#8211; Interview mit Wolf Singer<\/a><br \/>\nWolf Joachim Singer ist ein deutscher Neurophysiologe. In der neurophysiologischen Forschergemeinde ist Singer international u. a. bekannt f\u00fcr seine Forschungen und \u00dcberlegungen zu den physiologischen Grundlagen von Aufmerksamkeits- und Identifizierungsvorg\u00e4ngen.<\/p>\n","protected":false},"excerpt":{"rendered":"<p>Universal Healing Tao (UHT) &#038; Qi Gong Grandmaster Mantak Chia Qi Gong Tao Institut, Nuremberg Tao Garden, Thailand Universal Tao International International Teacher Directory Universal Healing Tao Universal Tao Germany Tao Berlin Thomas Hicklin, Senior Instructor, Basel Stefan Kiczko, Certified &hellip; <a href=\"https:\/\/taorist.de\/en\/links\/\">Continue reading <span class=\"meta-nav\">&rarr;<\/span><\/a><\/p>\n","protected":false},"author":1,"featured_media":0,"parent":0,"menu_order":0,"comment_status":"closed","ping_status":"closed","template":"","meta":[],"translation":{"provider":"WPGlobus","version":"2.8.11","language":"en","enabled_languages":["de","en"],"languages":{"de":{"title":true,"content":true,"excerpt":false},"en":{"title":true,"content":true,"excerpt":false}}},"_links":{"self":[{"href":"https:\/\/taorist.de\/en\/wp-json\/wp\/v2\/pages\/26"}],"collection":[{"href":"https:\/\/taorist.de\/en\/wp-json\/wp\/v2\/pages"}],"about":[{"href":"https:\/\/taorist.de\/en\/wp-json\/wp\/v2\/types\/page"}],"author":[{"embeddable":true,"href":"https:\/\/taorist.de\/en\/wp-json\/wp\/v2\/users\/1"}],"replies":[{"embeddable":true,"href":"https:\/\/taorist.de\/en\/wp-json\/wp\/v2\/comments?post=26"}],"version-history":[{"count":36,"href":"https:\/\/taorist.de\/en\/wp-json\/wp\/v2\/pages\/26\/revisions"}],"predecessor-version":[{"id":294,"href":"https:\/\/taorist.de\/en\/wp-json\/wp\/v2\/pages\/26\/revisions\/294"}],"wp:attachment":[{"href":"https:\/\/taorist.de\/en\/wp-json\/wp\/v2\/media?parent=26"}],"curies":[{"name":"wp","href":"https:\/\/api.w.org\/{rel}","templated":true}]}}